{"id":9,"date":"2018-04-16T12:21:06","date_gmt":"2018-04-16T10:21:06","guid":{"rendered":"https:\/\/estesoft.azurewebsites.net\/?page_id=9"},"modified":"2025-10-19T22:31:53","modified_gmt":"2025-10-19T20:31:53","slug":"team","status":"publish","type":"page","link":"https:\/\/www.activedirectoryone.com\/it\/team\/","title":{"rendered":"Team"},"content":{"rendered":"\n\n\n<div class=\"wp-block-columns is-layout-flex wp-container-core-columns-is-layout-9d6595d7 wp-block-columns-is-layout-flex\">\n<div class=\"wp-block-column is-layout-flow wp-block-column-is-layout-flow\">\n<p>Siamo un gruppo di sviluppatori di software che da oltre 10 anni si occupa di amministrare i servizi informatici nelle organizzazioni di medie e grandi dimensioni.<\/p>\n\n\n\n<p>Il software Active Directory One \u00e8 il frutto delle reali esigenze operative, \u00e8 stato per lungo tempo a disposizione dei soli sviluppatori, ora \u00e8 vera tecnologia ed \u00e8 disponibile per tutti.<\/p>\n\n\n\n<div id=\"EstesoftTeam\"><\/div>\n<script type=\"text\/javascript\">\n  jQuery(document).ready(function () {\n    Estesoft.Functions.InsertContributors();\n});\n<\/script>\n<\/div>\n\n\n\n<div class=\"wp-block-column is-vertically-aligned-top is-layout-flow wp-block-column-is-layout-flow\">\n<figure class=\"wp-block-image size-full\"><a href=\"https:\/\/www.microsoft.com\/it-it\/startups\/\" target=\"_blank\" rel=\"noopener\"><img loading=\"lazy\" decoding=\"async\" width=\"1200\" height=\"627\" src=\"https:\/\/www.activedirectoryone.com\/wp-content\/uploads\/2024\/02\/MicrosoftForStartup-website-grayed.jpg\" alt=\"Estesoft is now part of Microsoft for Startups Founders Hub\" class=\"wp-image-3117\"\/><\/a><\/figure>\n<\/div>\n<\/div>\n","protected":false},"excerpt":{"rendered":"<p>Siamo un gruppo di sviluppatori di software che da oltre 10 anni si occupa di amministrare i servizi informatici nelle organizzazioni di medie e grandi dimensioni. Il software Active Directory One \u00e8 il frutto delle reali esigenze operative, \u00e8 stato per lungo tempo a disposizione dei soli sviluppatori, ora \u00e8 vera tecnologia ed \u00e8 disponibile &hellip; <\/p>\n<p class=\"link-more\"><a href=\"https:\/\/www.activedirectoryone.com\/it\/team\/\" class=\"more-link\">Leggi tutto<span class=\"screen-reader-text\"> &#8220;Team&#8221;<\/span><\/a><\/p>\n","protected":false},"author":1,"featured_media":0,"parent":0,"menu_order":0,"comment_status":"closed","ping_status":"closed","template":"","meta":{"footnotes":""},"class_list":["post-9","page","type-page","status-publish","hentry"],"translation":{"provider":"WPGlobus","version":"3.0.1","language":"it","enabled_languages":["en","it"],"languages":{"en":{"title":true,"content":true,"excerpt":false},"it":{"title":true,"content":true,"excerpt":false}}},"_links":{"self":[{"href":"https:\/\/www.activedirectoryone.com\/it\/wp-json\/wp\/v2\/pages\/9","targetHints":{"allow":["GET"]}}],"collection":[{"href":"https:\/\/www.activedirectoryone.com\/it\/wp-json\/wp\/v2\/pages"}],"about":[{"href":"https:\/\/www.activedirectoryone.com\/it\/wp-json\/wp\/v2\/types\/page"}],"author":[{"embeddable":true,"href":"https:\/\/www.activedirectoryone.com\/it\/wp-json\/wp\/v2\/users\/1"}],"replies":[{"embeddable":true,"href":"https:\/\/www.activedirectoryone.com\/it\/wp-json\/wp\/v2\/comments?post=9"}],"version-history":[{"count":7,"href":"https:\/\/www.activedirectoryone.com\/it\/wp-json\/wp\/v2\/pages\/9\/revisions"}],"predecessor-version":[{"id":3332,"href":"https:\/\/www.activedirectoryone.com\/it\/wp-json\/wp\/v2\/pages\/9\/revisions\/3332"}],"wp:attachment":[{"href":"https:\/\/www.activedirectoryone.com\/it\/wp-json\/wp\/v2\/media?parent=9"}],"curies":[{"name":"wp","href":"https:\/\/api.w.org\/{rel}","templated":true}]}}