{"id":2885,"date":"2023-07-01T11:49:04","date_gmt":"2023-07-01T09:49:04","guid":{"rendered":"https:\/\/www.activedirectoryone.com\/?page_id=2885"},"modified":"2025-10-19T22:29:18","modified_gmt":"2025-10-19T20:29:18","slug":"policy-cookies","status":"publish","type":"page","link":"https:\/\/www.activedirectoryone.com\/it\/policy-cookies\/","title":{"rendered":"Cookie Policy Sito Web"},"content":{"rendered":"\n<p class=\"has-text-align-right\">Data ultima modifica: 25\/02\/2025<\/p>\n\n\n\n<h2 class=\"wp-block-heading\">1. Introduzione<\/h2>\n\n\n\n<p>La presente Politica sui cookie (la &#8220;Politica&#8221;) spiega come Estesoft (&#8220;Estesoft&#8221; o &#8220;noi&#8221;) utilizza i cookie e tecnologie simili (come pixel di tracciamento o beacon web) quando si utilizza e si interagisce con www.estesoft.com e qualsiasi altro sito Web Estesoft che include un collegamento alla presente Politica (i &#8220;Siti Web&#8221;).<\/p>\n\n\n\n<p>Alcuni cookie o tecnologie simili che utilizziamo sul nostro Sito Web raccoglieranno informazioni personali su di te o informazioni che diventano informazioni personali se combinate con altri dati. Tutte le informazioni personali che raccogliamo saranno utilizzate in conformit\u00e0 all&#8217;<a href=\"http:\/\/policy-privacy\" data-type=\"URL\" data-id=\"policy-privacy\">Informativa sulla privacy Estesoft<\/a>.<\/p>\n\n\n\n<p>Ci riserviamo il diritto di aggiornare la presente Politica per riflettere, ad esempio, le modifiche ai cookie che utilizziamo o per altre ragioni operative, legali o normative. Consultare quindi regolarmente la presente Politica per rimanere aggiornati sul nostro uso dei cookie e delle tecnologie correlate. La data all&#8217;inizio della presente Politica indica quando \u00e8 stata aggiornata l&#8217;ultima volta.<\/p>\n\n\n\n<h2 class=\"wp-block-heading\">2. Cosa sono i cookie e tecnologie similari <\/h2>\n\n\n\n<p>I cookie sono piccoli file di dati che vengono collocati sul computer o dispositivo mobile quando si visita un sito Web. I cookie sono ampiamente utilizzati dai proprietari di siti Web come Estesoft per far funzionare i loro siti, comprendere meglio come i visitatori utilizzano il sito e fornire ai visitatori contenuti pi\u00f9 mirati.<\/p>\n\n\n\n<p>I beacon web sono immagini elettroniche chiare in grado di riconoscere determinati tipi di informazioni sul computer, quali ad esempio i cookie, quando si visualizza un particolare sito web o un servizio collegato al beacon web, e una descrizione di un sito web o servizio collegato al beacon web. Ad esempio, noi o i nostri partner di marketing potremmo inserire beacon web in e-mail di marketing che avvisano noi o un nostro partner quando un utente fa clic su un collegamento nell&#8217;e-mail che reindirizza al nostro sito web. Utilizziamo i beacon web per comprendere l&#8217;utilizzo e l&#8217;efficacia delle campagne di marketing e per gestire e migliorare il nostro sito web, i nostri servizi e le nostre comunicazioni tramite e-mail.<\/p>\n\n\n\n<p>I cookie creati e impostati dal proprietario del sito Web (in questo caso, Estesoft) sono chiamati &#8220;cookie di prima parte&#8221;. I cookie creati e impostati da parti diverse da Estesoft sono chiamati &#8220;cookie di terza parte&#8221;.<\/p>\n\n\n\n<p>Utilizziamo cookie di prima parte e di terza parte per diversi motivi. Alcuni cookie sono necessari per ragioni tecniche per il funzionamento dei nostri Siti Web e ci riferiamo a questi come cookie &#8220;strettamente necessari&#8221;. Inoltre, i cookie di terza parte ci consentono di vedere quali aree e funzioni sono popolari e a contare le visite ai nostri Siti Web e a determinate pagine Web. Utilizziamo cookie di terza parte anche per visualizzare contenuti mirati e promozioni.<\/p>\n\n\n\n<p>Per informazioni pi\u00f9 dettagliate sui cookie specifici che utilizziamo e per modificare le impostazioni dei cookie, consultare la sezione <a href=\"#preferences\">Preferenze in merito ai cookie<\/a> di questa Politica.<\/p>\n\n\n\n<p>Oltre ad altri cookie di terza parte, utilizziamo Google Analytics per raccogliere dati limitati direttamente dai browser degli utenti per comprendere meglio l&#8217;uso del nostro Sito Web da parte degli utenti stessi, nonch\u00e9 diagnosticare e migliorare i servizi e risolvere i problemi. Per ulteriori informazioni su come Google raccoglie e utilizza questi dati, fare clic sul seguente <a href=\"https:\/\/www.google.com\/analytics\/terms\/it.html\" data-type=\"URL\" data-id=\"https:\/\/developers.google.com\/analytics\/resources\/concepts\/gaConceptsTrackingOverview\" target=\"_blank\" rel=\"noreferrer noopener\">collegamento<\/a>.\u00a0<\/p>\n\n\n\n<h2 class=\"wp-block-heading\">3. Come si rifiutano o eliminano i cookie?<\/h2>\n\n\n\n<p>I visitatori hanno il diritto di rifiutare o eliminare i cookie. Se si desidera rifiutare l&#8217;uso dei cookie, \u00e8 possibile disabilitarli nella sezione <a href=\"#preferences\">Preferenze in merito ai cookie<\/a> di questa Politica.<\/p>\n\n\n\n<p>Inoltre, la maggior parte dei browser consente di rifiutare o eliminare i cookie in qualsiasi momento. Se si sceglie di rifiutare i cookie, si pu\u00f2 continuare a utilizzare il nostro sito web anche se l&#8217;accesso ad alcune funzionalit\u00e0 e aree dello stesso potrebbe essere limitato. Poich\u00e9 i mezzi con cui si possono rifiutare i cookie attraverso i controlli del browser Web variano da un browser all&#8217;altro, occorre fare riferimento alle impostazioni del browser per avere ulteriori informazioni.<\/p>\n\n\n\n<h2 class=\"wp-block-heading\"><a name=\"preferences\"><\/a>4. Preferenze in merito ai cookie<\/h2>\n\n\n\n<p>Quando si visita qualsiasi sito Web, questo pu\u00f2 memorizzare o recuperare informazioni sul tuo browser, in gran parte sotto forma di cookie. Queste informazioni potrebbero essere su di te, le tue preferenze o il tuo dispositivo e sono utilizzate in gran parte per far funzionare il sito secondo le tue aspettative. Le informazioni di solito non ti identificano direttamente, ma possono fornire un&#8217;esperienza Web pi\u00f9 personalizzata. Poich\u00e9 rispettiamo il tuo diritto alla privacy, \u00e8 possibile scegliere di non consentire alcuni tipi di cookie. <\/p>\n\n\n\n<p>Fai click sulle intestazioni delle diverse categorie per saperne di pi\u00f9. E&#8217; possibile esplorare i cookie utilizzati in relazione a ciascun provider di servizi, modificando le impostazioni predefinite. Tuttavia, il blocco di alcuni tipi di cookie pu\u00f2 avere impatto sulla tua esperienza del sito e dei servizi che siamo in grado di offrire.<\/p>\n\n\n<script>\nvar CurrentInfo = {\"CurrentDiv\":\"#CookiesPreferences\",\"Enabled\":true};\n<\/script>\n\ufeff<!-- Progress -->\r\n<div id=\"EstesoftProgress\">\r\n    <div class=\"content\">\r\n        <p>Attendere prego...<\/p>\r\n        <div class=\"progress\"><\/div>\r\n    <\/div>\r\n<\/div>\r\n\r\n<!-- Preferences -->\r\n<div id=\"CookiesPreferences\" class=\"estesoft\">\r\n    <div id=\"TipsError\" class=\"tips-excl\">\r\n        <div class=\"title\">Errore<\/div>\r\n        <div id=\"ErrorReload\" class=\"description\">Si &egrave; verificato un errore imprevisto, la pagina si ricaricher&agrave; tra 5 secondi.<br>Se il problema persiste contattateci a questo <a href=\"..\/contactus\" target=\"_blank\">link<\/a><\/div>\r\n        <div id=\"ErrorUnknown\" class=\"description\">Si &egrave; verificato un errore imprevisto, riprovare.<\/div>\r\n    <\/div>\r\n\r\n    <div id=\"TipsInfo\" class=\"tips-info\">\r\n        <div class=\"title\">Informazione<\/div>\r\n        <div id=\"InfoAcceptedAll\" class=\"description\">Le preferenze sono state aggiornate, proseguendo con la navigazione del sito verranno applicati tutti i cookies previsti.<\/div>\r\n        <div id=\"InfoRejectedAll\" class=\"description\">Le preferenze sono state aggiornate, proseguendo con la navigazione del sito verranno applicati solo i cookies necessari.<\/div>\r\n        <div id=\"InfoSelected\" class=\"description\">Le preferenze sono state aggiornate, proseguendo con la navigazione del sito verranno applicati solo i cookies selezionati.<\/div>\r\n    <\/div>\r\n\r\n    <form id=\"FormApply\" name=\"FormApply\" method=\"post\">\r\n        <button id=\"SubmitAcceptAll\" name=\"SubmitAcceptAll\" type=\"submit\">Accetta<br>tutti<\/button>\r\n        <button id=\"SubmitRejectAll\" name=\"SubmitRejectAll\" type=\"submit\">Accetta<br>solo necessari<\/button>\r\n        <button id=\"SubmitSelected\" name=\"SubmitSelected\" type=\"submit\">Accetta<br>solo selezionati<\/button>\r\n        <input type=\"hidden\" name=\"Action\" value=\"Apply\">\r\n    <\/form>\r\n\r\n    <div id=\"CookieContainer\">\r\n        <div class=\"category\" id=\"c_1\">\n<div class=\"category-header\">\n<span class=\"category-title\">Cookie strettamente necessari<\/span>\n<span class=\"category-toggle\"><input type=\"checkbox\" checked disabled id=\"c_1_toggle\"><label for=\"c_1_toggle\"><\/label><\/span>\n<\/div>\n<div class=\"category-description\">Questi cookie sono necessari per il funzionamento del sito e non possono essere disattivati \u200b\u200bnei nostri sistemi. Di solito vengono impostati solo in risposta alle azioni da te effettuate che costituiscono una richiesta di servizi, come l'impostazione delle preferenze di privacy, l'accesso o la compilazione di moduli. \u00c8 possibile impostare il browser per bloccare o avere avvisi riguardo questi cookie, ma di conseguenza alcune parti del sito non funzioneranno. Questi cookie non archiviano informazioni personali.<\/div>\n<div class=\"category-content\">\n<div class=\"provider\">\n<div class=\"provider-header\">\n<span class=\"provider-title\">estesoft.com<\/span>\n<span class=\"provider-toggle\"><input type=\"checkbox\" id=\"c_1_p1\" disabled checked><label for=\"c_1_p1\"><\/label><\/span>\n<\/div>\n<div class=\"provider-content\">\n<table>\n<input type=\"hidden\" class=\"cookie\" value=\"3\">\n<tr><th>Nome<\/th><td>wpglobus-language<\/td><tr>\n<tr><th>Durata<\/th><td>12&nbsp;mesi<\/td><tr>\n<tr><th>Tipo<\/th><td>di nostra propriet&agrave;<\/td><tr>\n<tr><th>Descrizione<\/th><td>Scelta lingua<\/td><tr>\n<\/table>\n<table>\n<input type=\"hidden\" class=\"cookie\" value=\"4\">\n<tr><th>Nome<\/th><td>wpglobus-language-old<\/td><tr>\n<tr><th>Durata<\/th><td>12&nbsp;mesi<\/td><tr>\n<tr><th>Tipo<\/th><td>di nostra propriet&agrave;<\/td><tr>\n<tr><th>Descrizione<\/th><td>Scelta lingua<\/td><tr>\n<\/table>\n<table>\n<input type=\"hidden\" class=\"cookie\" value=\"5\">\n<tr><th>Nome<\/th><td>PHPSESSID<\/td><tr>\n<tr><th>Durata<\/th><td>1&nbsp;sessione<\/td><tr>\n<tr><th>Tipo<\/th><td>di nostra propriet&agrave;<\/td><tr>\n<tr><th>Descrizione<\/th><td>Informazioni sessione<\/td><tr>\n<\/table>\n<table>\n<input type=\"hidden\" class=\"cookie\" value=\"6\">\n<tr><th>Nome<\/th><td>estesoft_cookies<\/td><tr>\n<tr><th>Durata<\/th><td>12&nbsp;mesi<\/td><tr>\n<tr><th>Tipo<\/th><td>di nostra propriet&agrave;<\/td><tr>\n<tr><th>Descrizione<\/th><td>Preferenze cookies<\/td><tr>\n<\/table>\n<table>\n<input type=\"hidden\" class=\"cookie\" value=\"7\">\n<tr><th>Nome<\/th><td>__stripe_sid<\/td><tr>\n<tr><th>Durata<\/th><td>30&nbsp;minuti<\/td><tr>\n<tr><th>Tipo<\/th><td>di terze parti<\/td><tr>\n<tr><th>Descrizione<\/th><td>Prevenzione delle frodi<\/td><tr>\n<\/table>\n<table>\n<input type=\"hidden\" class=\"cookie\" value=\"8\">\n<tr><th>Nome<\/th><td>__stripe_mid<\/td><tr>\n<tr><th>Durata<\/th><td>1&nbsp;anni<\/td><tr>\n<tr><th>Tipo<\/th><td>di terze parti<\/td><tr>\n<tr><th>Descrizione<\/th><td>Prevenzione delle frodi<\/td><tr>\n<\/table>\n<table>\n<input type=\"hidden\" class=\"cookie\" value=\"10\">\n<tr><th>Nome<\/th><td>estesoft_cookies_ref<\/td><tr>\n<tr><th>Durata<\/th><td>12&nbsp;mesi<\/td><tr>\n<tr><th>Tipo<\/th><td>di nostra propriet&agrave;<\/td><tr>\n<tr><th>Descrizione<\/th><td>Confronto dei cookies applicabili<\/td><tr>\n<\/table>\n<\/div>\n<\/div>\n<div class=\"provider\">\n<div class=\"provider-header\">\n<span class=\"provider-title\">recaptcha.net<\/span>\n<span class=\"provider-toggle\"><input type=\"checkbox\" id=\"c_1_p2\" disabled checked><label for=\"c_1_p2\"><\/label><\/span>\n<\/div>\n<div class=\"provider-content\">\n<table>\n<input type=\"hidden\" class=\"cookie\" value=\"11\">\n<tr><th>Nome<\/th><td>_GRECAPTCHA<\/td><tr>\n<tr><th>Durata<\/th><td>6&nbsp;mesi<\/td><tr>\n<tr><th>Tipo<\/th><td>di terze parti<\/td><tr>\n<tr><th>Descrizione<\/th><td>Prevenzione spam<\/td><tr>\n<\/table>\n<\/div>\n<\/div>\n<\/div>\n<\/div>\n<div class=\"category\" id=\"c_2\">\n<div class=\"category-header\">\n<span class=\"category-title\">Cookie analitici<\/span>\n<span class=\"category-toggle\"><input type=\"checkbox\" id=\"c_2_toggle\"><label for=\"c_2_toggle\"><\/label><\/span>\n<\/div>\n<div class=\"category-description\">i cookie analitici e altre tecnologie simili da noi utilizzate raccolgono informazioni sull'utilizzo dei siti Web e ci consentono di migliorarne il funzionamento e la fruibilit\u00e0 In particolare, i cookie analitici ci forniscono informazioni su quali sono le pagine visitate pi\u00f9 di frequente sui siti Web, ci aiutano a registrare ed eseguire il debug di eventuali problemi che potresti avere con i siti Web e ci mostrano quanto sia efficace la nostra pubblicit\u00e0. Questi cookie analitici non ci consentono di vedere l'utilizzo di un singolo utente, ma ci consentono di vedere i modelli generali di utilizzo sui siti Web. Non esaminiamo queste informazioni per identificare individualmente le informazioni, ma utilizziamo queste informazioni per comprendere il traffico sui nostri siti Web.<\/div>\n<div class=\"category-content\">\n<div class=\"provider\">\n<div class=\"provider-header\">\n<span class=\"provider-title\">google.com<\/span>\n<span class=\"provider-toggle\"><input type=\"checkbox\" id=\"c_2_p1\"><label for=\"c_2_p1\"><\/label><\/span>\n<\/div>\n<div class=\"provider-content\">\n<table>\n<input type=\"hidden\" class=\"cookie\" value=\"1\">\n<tr><th>Nome<\/th><td>_ga_F3CNRFJTXJ<\/td><tr>\n<tr><th>Durata<\/th><td>24&nbsp;mesi<\/td><tr>\n<tr><th>Tipo<\/th><td>di terze parti<\/td><tr>\n<tr><th>Descrizione<\/th><td>Monitoraggio sito web<\/td><tr>\n<\/table>\n<table>\n<input type=\"hidden\" class=\"cookie\" value=\"2\">\n<tr><th>Nome<\/th><td>_ga<\/td><tr>\n<tr><th>Durata<\/th><td>24&nbsp;mesi<\/td><tr>\n<tr><th>Tipo<\/th><td>di terze parti<\/td><tr>\n<tr><th>Descrizione<\/th><td>Monitoraggio sito web<\/td><tr>\n<\/table>\n<table>\n<input type=\"hidden\" class=\"cookie\" value=\"9\">\n<tr><th>Nome<\/th><td>_gtm<\/td><tr>\n<tr><th>Durata<\/th><td>24&nbsp;mesi<\/td><tr>\n<tr><th>Tipo<\/th><td>di terze parti<\/td><tr>\n<tr><th>Descrizione<\/th><td>Google Tag Manager<\/td><tr>\n<\/table>\n<\/div>\n<\/div>\n<\/div>\n<\/div>\n\r\n    <\/div>\r\n<\/div>\r\n\r\n<div id=\"CookiesPreferencesOffline\" class=\"estesoft\">\r\n    <p>Siamo spiacenti ma non \u00e8 possibile gestire le preferenze relative ai cookies al momento.<\/p>\r\n    <p><strong>Per questo motivo verranno applicati solamente i cookies tecnici.<\/strong><\/p>\r\n\r\n    <form id=\"FormReset\" name=\"FormReset\" method=\"post\">\r\n        <input type=\"hidden\" name=\"Action\" value=\"Reset\">\r\n        <input id=\"SubmitReset\" type=\"submit\" value=\"Riprova\">\r\n    <\/form>\r\n<\/div>\r\n\r\n\n\n","protected":false},"excerpt":{"rendered":"<p>Data ultima modifica: 25\/02\/2025 1. Introduzione La presente Politica sui cookie (la &#8220;Politica&#8221;) spiega come Estesoft (&#8220;Estesoft&#8221; o &#8220;noi&#8221;) utilizza i cookie e tecnologie simili (come pixel di tracciamento o beacon web) quando si utilizza e si interagisce con www.estesoft.com e qualsiasi altro sito Web Estesoft che include un collegamento alla presente Politica (i &#8220;Siti &hellip; <\/p>\n<p class=\"link-more\"><a href=\"https:\/\/www.activedirectoryone.com\/it\/policy-cookies\/\" class=\"more-link\">Leggi tutto<span class=\"screen-reader-text\"> &#8220;Cookie Policy Sito Web&#8221;<\/span><\/a><\/p>\n","protected":false},"author":1,"featured_media":0,"parent":0,"menu_order":0,"comment_status":"closed","ping_status":"closed","template":"","meta":{"footnotes":""},"class_list":["post-2885","page","type-page","status-publish","hentry"],"translation":{"provider":"WPGlobus","version":"3.0.1","language":"it","enabled_languages":["en","it"],"languages":{"en":{"title":true,"content":true,"excerpt":false},"it":{"title":true,"content":true,"excerpt":false}}},"_links":{"self":[{"href":"https:\/\/www.activedirectoryone.com\/it\/wp-json\/wp\/v2\/pages\/2885","targetHints":{"allow":["GET"]}}],"collection":[{"href":"https:\/\/www.activedirectoryone.com\/it\/wp-json\/wp\/v2\/pages"}],"about":[{"href":"https:\/\/www.activedirectoryone.com\/it\/wp-json\/wp\/v2\/types\/page"}],"author":[{"embeddable":true,"href":"https:\/\/www.activedirectoryone.com\/it\/wp-json\/wp\/v2\/users\/1"}],"replies":[{"embeddable":true,"href":"https:\/\/www.activedirectoryone.com\/it\/wp-json\/wp\/v2\/comments?post=2885"}],"version-history":[{"count":10,"href":"https:\/\/www.activedirectoryone.com\/it\/wp-json\/wp\/v2\/pages\/2885\/revisions"}],"predecessor-version":[{"id":3328,"href":"https:\/\/www.activedirectoryone.com\/it\/wp-json\/wp\/v2\/pages\/2885\/revisions\/3328"}],"wp:attachment":[{"href":"https:\/\/www.activedirectoryone.com\/it\/wp-json\/wp\/v2\/media?parent=2885"}],"curies":[{"name":"wp","href":"https:\/\/api.w.org\/{rel}","templated":true}]}}