{"id":1814,"date":"2021-03-09T19:32:28","date_gmt":"2021-03-09T18:32:28","guid":{"rendered":"http:\/\/www.estesoft.com\/?page_id=1814"},"modified":"2025-10-19T22:30:36","modified_gmt":"2025-10-19T20:30:36","slug":"white-paper","status":"publish","type":"page","link":"https:\/\/www.activedirectoryone.com\/it\/white-paper\/","title":{"rendered":"White Paper"},"content":{"rendered":"\n<p><em>Active Directory One<\/em> \u00e8 una soluzione software avanzata progettata per semplificare e automatizzare la gestione di utenti, gruppi e risorse in <em>Microsoft Active Directory<\/em>, <em>Microsoft 365<\/em> e <em>Google Workspace<\/em>.<\/p>\n\n\n\n<h3 class=\"wp-block-heading\">Contesto di utilizzo<\/h3>\n\n\n\n<p>L&#8217;elevato turnover dei dipendenti, nelle organizzazioni di medie o grandi dimensioni, pu\u00f2 causare gravi inefficienze operative se le identit\u00e0 digitali del personale non vengono allineate tempestivamente. Ritardi nell&#8217;attivazione di nuovi utenti o nella riassegnazione dei permessi possono compromettere la produttivit\u00e0 aziendale. <em>Active Directory One<\/em> accelera e migliora l&#8217;affidabilit\u00e0 di questi processi, garantendo che ogni dipendente abbia accesso immediato alle risorse necessarie.<\/p>\n\n\n\n<h3 class=\"wp-block-heading\">Aspetti fondamentali<\/h3>\n\n\n\n<p><em>Active Directory One<\/em> \u00e8 un software verticale che consente di:<\/p>\n\n\n\n<ul class=\"estesoft_ul_img wp-block-list\">\n<li>Visualizzare, modificare e memorizzare elementi in batch attraverso un&#8217;interfaccia grafica di tipo tabellare . <\/li>\n\n\n\n<li>Superare i limiti delle interfacce standard di Active Directory grazie a una gestione scalabile e performante, anche con un numero elevato di utenti e gruppi.<\/li>\n\n\n\n<li>Ridurre i tempi e gli errori amministrativi, migliorando al contempo sicurezza e tracciabilit\u00e0.<a href=\"https:\/\/www.activedirectoryone.com\/it\/detect-and-fix-user-configuration-errors\/\"><\/a><\/li>\n<\/ul>\n\n\n\n<p>Il software \u00e8 particolarmente indicato per organizzazioni di medie e grandi dimensioni, dove si verifica un significativo turnover del personale o \u00e8 richiesto un elevato livello di controllo sugli account utente.<\/p>\n\n\n\n<p><em>Active Directory One<\/em> non si limita alla gestione degli ambienti <em>Windows<\/em>, ma si integra perfettamente anche con sistemi basati su <a rel=\"noreferrer noopener\" href=\"https:\/\/help.activedirectoryone.it\/index.html?commands-backstage-application-userparameterssettings.html\" data-type=\"link\" data-id=\"https:\/\/www.samba.org\/samba\/\" target=\"_blank\"><em>Samba<\/em><\/a> e configurazioni ibride <em>Samba\/Windows<\/em>. Questa interoperabilit\u00e0 permette una gestione centralizzata delle identit\u00e0 e delle risorse, garantendo sicurezza e coerenza in infrastrutture eterogenee.<\/p>\n\n\n\n<h3 class=\"wp-block-heading\">Funzionalit\u00e0 principali:<\/h3>\n\n\n\n<ol class=\"wp-block-list\" start=\"1\">\n<li><strong>Gestione centralizzata e flessibile:<\/strong>\n<ul class=\"wp-block-list\">\n<li><a href=\"https:\/\/help.activedirectoryone.it\/index.html?commands-maingridediting.html\" target=\"_blank\" rel=\"noreferrer noopener\">Interfaccia grafica<\/a> intuitiva per visualizzare e modificare utenti e gruppi in batch.<\/li>\n\n\n\n<li>Personalizzazione delle colonne per <a href=\"https:\/\/help.activedirectoryone.it\/index.html?commands-home-manageattributes.html\" target=\"_blank\" rel=\"noreferrer noopener\">gestire gli attributi<\/a> <em>Active Directory<\/em> rilevanti.<\/li>\n\n\n\n<li><a href=\"https:\/\/www.activedirectoryone.com\/it\/detect-and-fix-user-configuration-errors\/\" target=\"_blank\" rel=\"noreferrer noopener\">Evidenziazione delle differenze<\/a> tra i valori in modifica e quelli attualmente memorizzati in <em>Active Directory<\/em>.<\/li>\n<\/ul>\n<\/li>\n\n\n\n<li><strong>Progetti e modelli personalizzabili:<\/strong>\n<ul class=\"wp-block-list\">\n<li>Creazione di <a href=\"https:\/\/help.activedirectoryone.it\/index.html?concepts-projects.html\" target=\"_blank\" rel=\"noreferrer noopener\">progetti<\/a> per gestire specifiche unit\u00e0 organizzative o gruppi.<\/li>\n\n\n\n<li>Uso di <a href=\"https:\/\/help.activedirectoryone.it\/index.html?concepts-templates.html\" target=\"_blank\" rel=\"noreferrer noopener\">modelli<\/a> predefiniti o personalizzati per configurare rapidamente nuovi utenti o gruppi.<\/li>\n\n\n\n<li>Generazione automatica di <a href=\"https:\/\/help.activedirectoryone.it\/index.html?commands-valueswindow.html\" target=\"_blank\" rel=\"noreferrer noopener\">valori predefiniti<\/a> per attributi comuni, basata su analisi dei record esistenti.<\/li>\n<\/ul>\n<\/li>\n\n\n\n<li><strong>Automazione avanzata:<\/strong>\n<ul class=\"wp-block-list\">\n<li><a href=\"https:\/\/help.activedirectoryone.it\/index.html?concepts-importfromexcel.html\" target=\"_blank\" rel=\"noreferrer noopener\">Importazione<\/a> semplificata di utenti e gruppi da file Excel con regole per il calcolo automatico degli attributi dipendenti.<\/li>\n\n\n\n<li><a href=\"https:\/\/help.activedirectoryone.it\/index.html?adoneagent-commands-actions-adenrollmentstrategy.html\" target=\"_blank\" rel=\"noreferrer noopener\">Provisioning<\/a> e <a href=\"https:\/\/help.activedirectoryone.it\/index.html?adoneagent-commands-actions-adexitstrategy.html\" target=\"_blank\" rel=\"noreferrer noopener\">deprovisioning<\/a> completamente automatizzati per utenti e gruppi.<\/li>\n\n\n\n<li>Assegnazione automatica delle <a href=\"https:\/\/help.activedirectoryone.it\/index.html?adoneagent-commands-actions-m365licenses.html\" target=\"_blank\" rel=\"noreferrer noopener\">licenze<\/a> in <em>Microsoft 365<\/em> e <em>Google Workspace<\/em>.<\/li>\n\n\n\n<li>Configurazione automatica delle <a href=\"https:\/\/help.activedirectoryone.it\/index.html?adoneagent-commands-actions-m365mailbox.html\" target=\"_blank\" rel=\"noreferrer noopener\">mailbox<\/a> di <em>Microsoft 365<\/em> e <em>Google Workspace<\/em>.<\/li>\n<\/ul>\n<\/li>\n\n\n\n<li><strong>Gestione dei permessi e delle cartelle:<\/strong>\n<ul class=\"wp-block-list\">\n<li>Creazione di permessi per il file system tramite regole per le <a href=\"https:\/\/help.activedirectoryone.it\/index.html?commands-rules-datafolder.html\" target=\"_blank\" rel=\"noreferrer noopener\">cartelle dati<\/a>.<\/li>\n\n\n\n<li>Gestione dei <a href=\"https:\/\/help.activedirectoryone.it\/index.html?commands-home-shortcuts.html\" target=\"_blank\" rel=\"noreferrer noopener\">collegamenti<\/a> (shortcuts) alle cartelle personali degli utenti.<\/li>\n\n\n\n<li>Creazione e gestione di <a href=\"https:\/\/help.activedirectoryone.it\/index.html?commands-home-publicfolders.html\" target=\"_blank\" rel=\"noreferrer noopener\">cartelle pubbliche<\/a>.<\/li>\n<\/ul>\n<\/li>\n\n\n\n<li><strong>Delega e tracciabilit\u00e0:<\/strong>\n<ul class=\"wp-block-list\">\n<li>Possibilit\u00e0 di <a href=\"https:\/\/help.activedirectoryone.it\/index.html?commands-backstage-delegatedusers.html\" target=\"_blank\" rel=\"noreferrer noopener\">delegare<\/a> la gestione di utenti e gruppi ad altri operatori.<\/li>\n\n\n\n<li><a href=\"https:\/\/help.activedirectoryone.it\/index.html?adoneagent-commands-eventlogwindow.html\" target=\"_blank\" rel=\"noreferrer noopener\">Log<\/a> dettagliati di tutte le operazioni, registrati nel registro eventi di Windows.<\/li>\n\n\n\n<li>Monitoraggio completo delle modifiche apportate.<\/li>\n<\/ul>\n<\/li>\n\n\n\n<li><strong>Gestione degli attributi extra:<\/strong>\n<ul class=\"wp-block-list\">\n<li>Utilizzo di <a href=\"https:\/\/help.activedirectoryone.it\/index.html?concepts-extraattributes.html\" target=\"_blank\" rel=\"noreferrer noopener\">attributi proprietari<\/a> come <em>Extra_ou<\/em> per l&#8217;unit\u00e0 organizzativa e <em>Extra_InitialPassword<\/em> per password iniziali sicure.<\/li>\n\n\n\n<li>Memorizzazione di <a href=\"https:\/\/help.activedirectoryone.it\/index.html?concepts-userparameters.html\" target=\"_blank\" rel=\"noreferrer noopener\">informazioni personalizzate<\/a> senza modificare lo schema di <em>Active Directory<\/em>, garantendo compatibilit\u00e0.<\/li>\n<\/ul>\n<\/li>\n\n\n\n<li><strong>Integrazione con ambienti cloud:<\/strong>\n<ul class=\"wp-block-list\">\n<li>Supporto per sincronizzazione con ambienti ibridi tramite <em>Entra ID (Azure AD)<\/em>.<\/li>\n\n\n\n<li>Interazione diretta con <em>Microsoft 365<\/em> e <em>Google Workspace<\/em> per gestire identit\u00e0, licenze e risorse.<\/li>\n<\/ul>\n<\/li>\n\n\n\n<li><strong>ADOne Agent:<\/strong>\n<ul class=\"wp-block-list\">\n<li><a href=\"https:\/\/help.activedirectoryone.it\/index.html?adoneagent.html\" target=\"_blank\" rel=\"noreferrer noopener\">Servizio <em>Windows<\/em><\/a> per il provisioning e il deprovisioning automatizzati.<\/li>\n\n\n\n<li>Possibilit\u00e0 di programmare azioni in sequenza con cicli di esecuzione automatizzati.<\/li>\n<\/ul>\n<\/li>\n<\/ol>\n\n\n\n<h3 class=\"wp-block-heading\">Benefici principali:<\/h3>\n\n\n\n<ul class=\"wp-block-list\">\n<li><strong>Efficienza operativa:<\/strong> Drastica riduzione dei tempi e degli errori grazie all&#8217;automazione.<\/li>\n\n\n\n<li><strong>Sicurezza avanzata:<\/strong> Protezione delle risorse e prevenzione di accessi non autorizzati.<\/li>\n\n\n\n<li><strong>Tracciabilit\u00e0 completa:<\/strong> Registro dettagliato delle operazioni e controllo dei processi.<\/li>\n\n\n\n<li><strong>Scalabilit\u00e0:<\/strong> Adatto a organizzazioni di medie e grandi dimensioni con turnover elevato.<\/li>\n\n\n\n<li><strong>Conformit\u00e0 normativa:<\/strong> Rispetto delle procedure per il trattamento dei dati personali.<\/li>\n\n\n\n<li><strong>Flessibilit\u00e0:<\/strong> Personalizzabile per adattarsi a infrastrutture diverse, incluse quelle ibride.<\/li>\n<\/ul>\n\n\n\n<h3 class=\"wp-block-heading\">Conclusioni<\/h3>\n\n\n\n<p><em>Active Directory One<\/em> rappresenta una soluzione completa e potente per la gestione delle identit\u00e0 digitali in ambienti complessi. Grazie alle sue numerose funzionalit\u00e0, il software consente di ottimizzare la produttivit\u00e0, ridurre i costi amministrativi, migliorare la sicurezza e garantire il rispetto delle normative sulla privacy.<\/p>\n\n\n\n<p><\/p>\n","protected":false},"excerpt":{"rendered":"<p>Active Directory One \u00e8 una soluzione software avanzata progettata per semplificare e automatizzare la gestione di utenti, gruppi e risorse in Microsoft Active Directory, Microsoft 365 e Google Workspace. Contesto di utilizzo L&#8217;elevato turnover dei dipendenti, nelle organizzazioni di medie o grandi dimensioni, pu\u00f2 causare gravi inefficienze operative se le identit\u00e0 digitali del personale non &hellip; <\/p>\n<p class=\"link-more\"><a href=\"https:\/\/www.activedirectoryone.com\/it\/white-paper\/\" class=\"more-link\">Leggi tutto<span class=\"screen-reader-text\"> &#8220;White Paper&#8221;<\/span><\/a><\/p>\n","protected":false},"author":1,"featured_media":0,"parent":0,"menu_order":0,"comment_status":"closed","ping_status":"closed","template":"","meta":{"footnotes":""},"class_list":["post-1814","page","type-page","status-publish","hentry"],"translation":{"provider":"WPGlobus","version":"3.0.1","language":"it","enabled_languages":["en","it"],"languages":{"en":{"title":true,"content":true,"excerpt":false},"it":{"title":true,"content":true,"excerpt":false}}},"_links":{"self":[{"href":"https:\/\/www.activedirectoryone.com\/it\/wp-json\/wp\/v2\/pages\/1814","targetHints":{"allow":["GET"]}}],"collection":[{"href":"https:\/\/www.activedirectoryone.com\/it\/wp-json\/wp\/v2\/pages"}],"about":[{"href":"https:\/\/www.activedirectoryone.com\/it\/wp-json\/wp\/v2\/types\/page"}],"author":[{"embeddable":true,"href":"https:\/\/www.activedirectoryone.com\/it\/wp-json\/wp\/v2\/users\/1"}],"replies":[{"embeddable":true,"href":"https:\/\/www.activedirectoryone.com\/it\/wp-json\/wp\/v2\/comments?post=1814"}],"version-history":[{"count":46,"href":"https:\/\/www.activedirectoryone.com\/it\/wp-json\/wp\/v2\/pages\/1814\/revisions"}],"predecessor-version":[{"id":3330,"href":"https:\/\/www.activedirectoryone.com\/it\/wp-json\/wp\/v2\/pages\/1814\/revisions\/3330"}],"wp:attachment":[{"href":"https:\/\/www.activedirectoryone.com\/it\/wp-json\/wp\/v2\/media?parent=1814"}],"curies":[{"name":"wp","href":"https:\/\/api.w.org\/{rel}","templated":true}]}}