{"id":161,"date":"2018-08-28T11:21:47","date_gmt":"2018-08-28T09:21:47","guid":{"rendered":"https:\/\/estesoft.azurewebsites.net\/?page_id=161"},"modified":"2025-10-19T22:27:14","modified_gmt":"2025-10-19T20:27:14","slug":"adone-releasenote","status":"publish","type":"page","link":"https:\/\/www.activedirectoryone.com\/it\/adone-releasenote\/","title":{"rendered":"Note sulla versione corrente"},"content":{"rendered":"<p><b>Prerequisiti di installazione<br \/><\/b>L&#8217;installazione \u00e8 basata sul Web, quindi durante tutta la procedura il computer deve essere connesso a Internet.<b><br \/><\/b>I seguenti prerequisiti vengono automaticamente scaricati e installati dal setup, in alternativa \u00e8 possibile scaricarli ed installarli separatamente prima di installare il software.<\/p>\n<p><a href=\"https:\/\/dotnet.microsoft.com\/download\/dotnet-framework\/net472\" target=\"_blank\" rel=\"noopener\">Microsoft .NET Framework 4.7.2<\/a><\/p>\n\n\n<p>Sistemi operativi supportati<br>Windows 11: Pro &#8211; Enterprise &#8211; Educational<br>Windows 10: Pro &#8211; Enterprise &#8211; Educational<br>Windows Server: 2022 &#8211; 2019 &#8211; 2016 &#8211; 2012R2 &#8211; 2012<\/p>\n\n\n\n<p>Risorse minime di sistema<br>Processore &#8211; 1 GHz \/ memoria RAM &#8211; 2 GB \/ spazio sul disco &#8211; 100 MB.<\/p>\n\n\n\n<p><strong>Prerequisiti di esecuzione<br><\/strong><em>Active Directory One<\/em> deve essere eseguito in un sistema operativo appartenente al dominio in cui si intendono amministrare utenti e gruppi, l&#8217;utente operatore deve appartenere allo stesso dominio e possedere i requisiti di amministratore locale del PC.<br>Per poter operare su utenti, gruppi e unit\u00e0 organizzative l&#8217;utente deve possedere i requisiti di amministratore del dominio, in alternativa deve prima essere delegato da un amministratore del dominio che pu\u00f2 abilitarlo per specifici gruppi o unit\u00e0 organizzative.<\/p>\n\n\n\n<p><strong>Aggiornamenti<br><\/strong>Per mantenere aggiornato il programma \u00e8 sufficiente eseguire il comando &#8220;Aggiornamenti&#8221; nel men\u00f9 principale del programma. La procedura di aggiornamento consente di riparare eventuali errori riscontrati nel programma e\/o di aggiungere nuove funzionalit\u00e0 per migliorare il funzionamento del software.<br>Per utilizzare questa funzionalit\u00e0 \u00e8 necessaria una connessione Internet attiva.<\/p>\n\n\n\n<p><strong>Assistenza<br><\/strong>Assistenza tramite posta elettronica per risolvere ogni eventuale problema legato all&#8217;utilizzo del programma. Per contattarci vi preghiamo di utilizzare <a href=\"\/it\/contactus\/\" data-type=\"URL\" data-id=\"\/it\/contactus\/\">questo modulo<\/a>.<\/p>\n","protected":false},"excerpt":{"rendered":"<p>Prerequisiti di installazioneL&#8217;installazione \u00e8 basata sul Web, quindi durante tutta la procedura il computer deve essere connesso a Internet.I seguenti prerequisiti vengono automaticamente scaricati e installati dal setup, in alternativa \u00e8 possibile scaricarli ed installarli separatamente prima di installare il software. Microsoft .NET Framework 4.7.2 Sistemi operativi supportatiWindows 11: Pro &#8211; Enterprise &#8211; EducationalWindows 10: &hellip; <\/p>\n<p class=\"link-more\"><a href=\"https:\/\/www.activedirectoryone.com\/it\/adone-releasenote\/\" class=\"more-link\">Leggi tutto<span class=\"screen-reader-text\"> &#8220;Note sulla versione corrente&#8221;<\/span><\/a><\/p>\n","protected":false},"author":1,"featured_media":0,"parent":0,"menu_order":0,"comment_status":"closed","ping_status":"closed","template":"","meta":{"footnotes":""},"class_list":["post-161","page","type-page","status-publish","hentry"],"translation":{"provider":"WPGlobus","version":"3.0.1","language":"it","enabled_languages":["en","it"],"languages":{"en":{"title":true,"content":true,"excerpt":false},"it":{"title":true,"content":true,"excerpt":false}}},"_links":{"self":[{"href":"https:\/\/www.activedirectoryone.com\/it\/wp-json\/wp\/v2\/pages\/161","targetHints":{"allow":["GET"]}}],"collection":[{"href":"https:\/\/www.activedirectoryone.com\/it\/wp-json\/wp\/v2\/pages"}],"about":[{"href":"https:\/\/www.activedirectoryone.com\/it\/wp-json\/wp\/v2\/types\/page"}],"author":[{"embeddable":true,"href":"https:\/\/www.activedirectoryone.com\/it\/wp-json\/wp\/v2\/users\/1"}],"replies":[{"embeddable":true,"href":"https:\/\/www.activedirectoryone.com\/it\/wp-json\/wp\/v2\/comments?post=161"}],"version-history":[{"count":6,"href":"https:\/\/www.activedirectoryone.com\/it\/wp-json\/wp\/v2\/pages\/161\/revisions"}],"predecessor-version":[{"id":3326,"href":"https:\/\/www.activedirectoryone.com\/it\/wp-json\/wp\/v2\/pages\/161\/revisions\/3326"}],"wp:attachment":[{"href":"https:\/\/www.activedirectoryone.com\/it\/wp-json\/wp\/v2\/media?parent=161"}],"curies":[{"name":"wp","href":"https:\/\/api.w.org\/{rel}","templated":true}]}}